{"id":2757,"date":"2023-01-23T14:32:23","date_gmt":"2023-01-23T13:32:23","guid":{"rendered":"https:\/\/uktruckcheck.com\/rodo-information-clause\/"},"modified":"2023-02-13T15:47:51","modified_gmt":"2023-02-13T14:47:51","slug":"rodo-information-clause","status":"publish","type":"page","link":"https:\/\/uktruckcheck.com\/en\/rodo-information-clause\/","title":{"rendered":"RODO information clause"},"content":{"rendered":"\t\t<div data-elementor-type=\"wp-page\" data-elementor-id=\"2757\" class=\"elementor elementor-2757 elementor-2118\">\n\t\t\t\t\t\t\t<div class=\"elementor-element elementor-element-3de1e38 e-con-boxed e-con\" data-id=\"3de1e38\" data-element_type=\"container\" data-settings=\"{&quot;content_width&quot;:&quot;boxed&quot;}\">\n\t\t\t\t\t<div class=\"e-con-inner\">\n\t\t\t\t<div class=\"elementor-element elementor-element-d8d5dc4 elementor-widget elementor-widget-spacer\" data-id=\"d8d5dc4\" data-element_type=\"widget\" data-widget_type=\"spacer.default\">\n\t\t\t\t<div class=\"elementor-widget-container\">\n\t\t\t<style>\/*! elementor - v3.11.1 - 15-02-2023 *\/\n.elementor-column .elementor-spacer-inner{height:var(--spacer-size)}.e-con{--container-widget-width:100%}.e-con-inner>.elementor-widget-spacer,.e-con>.elementor-widget-spacer{width:var(--container-widget-width,var(--spacer-size));--align-self:var(--container-widget-align-self,initial);--flex-shrink:0}.e-con-inner>.elementor-widget-spacer>.elementor-widget-container,.e-con-inner>.elementor-widget-spacer>.elementor-widget-container>.elementor-spacer,.e-con>.elementor-widget-spacer>.elementor-widget-container,.e-con>.elementor-widget-spacer>.elementor-widget-container>.elementor-spacer{height:100%}.e-con-inner>.elementor-widget-spacer>.elementor-widget-container>.elementor-spacer>.elementor-spacer-inner,.e-con>.elementor-widget-spacer>.elementor-widget-container>.elementor-spacer>.elementor-spacer-inner{height:var(--container-widget-height,var(--spacer-size))}<\/style>\t\t<div class=\"elementor-spacer\">\n\t\t\t<div class=\"elementor-spacer-inner\"><\/div>\n\t\t<\/div>\n\t\t\t\t<\/div>\n\t\t\t\t<\/div>\n\t\t\t\t\t<\/div>\n\t\t\t\t<\/div>\n\t\t<div class=\"elementor-element elementor-element-c4b5f16 e-con-boxed e-con\" data-id=\"c4b5f16\" data-element_type=\"container\" data-settings=\"{&quot;content_width&quot;:&quot;boxed&quot;}\">\n\t\t\t\t\t<div class=\"e-con-inner\">\n\t\t\t\t<div class=\"elementor-element elementor-element-9e6cf5e elementor-widget elementor-widget-hub_fancy_heading\" data-id=\"9e6cf5e\" data-element_type=\"widget\" data-widget_type=\"hub_fancy_heading.default\">\n\t\t\t\t<div class=\"elementor-widget-container\">\n\t\t\t\n\t\t<div id=\"ld-fancy-heading-69df2237f216d\" class=\"ld-fancy-heading pos-rel\">\n\t\t\t<h4 class=\"ld-fh-element d-inline-block pos-rel  elementor-heading-title lqd-highlight-classic lqd-highlight-grow-left h4\"  > RODO information clause<\/h4>\t\t<\/div>\n\n\t\t\t\t<\/div>\n\t\t\t\t<\/div>\n\t\t\t\t\t<\/div>\n\t\t\t\t<\/div>\n\t\t<div class=\"elementor-element elementor-element-4ff4ba7 e-con-boxed e-con\" data-id=\"4ff4ba7\" data-element_type=\"container\" data-settings=\"{&quot;content_width&quot;:&quot;boxed&quot;}\">\n\t\t\t\t\t<div class=\"e-con-inner\">\n\t\t\t\t<div class=\"elementor-element elementor-element-39e76d3 elementor-widget elementor-widget-text-editor\" data-id=\"39e76d3\" data-element_type=\"widget\" data-widget_type=\"text-editor.default\">\n\t\t\t\t<div class=\"elementor-widget-container\">\n\t\t\t<style>\/*! elementor - v3.11.1 - 15-02-2023 *\/\n.elementor-widget-text-editor.elementor-drop-cap-view-stacked .elementor-drop-cap{background-color:#818a91;color:#fff}.elementor-widget-text-editor.elementor-drop-cap-view-framed .elementor-drop-cap{color:#818a91;border:3px solid;background-color:transparent}.elementor-widget-text-editor:not(.elementor-drop-cap-view-default) .elementor-drop-cap{margin-top:8px}.elementor-widget-text-editor:not(.elementor-drop-cap-view-default) .elementor-drop-cap-letter{width:1em;height:1em}.elementor-widget-text-editor .elementor-drop-cap{float:left;text-align:center;line-height:1;font-size:50px}.elementor-widget-text-editor .elementor-drop-cap-letter{display:inline-block}<\/style>\t\t\t\t<p><strong>Who is the controller of your personal data?<\/strong><\/p>\n<p>The controller of personal data within the meaning of the Regulation of the European Parliament and of the Council (EU) 2016\/679 of April 27, 2016. on the protection of individuals with regard to the processing of personal data and on the free movement of such data and the repeal of Directive 95\/46\/EC (General Data Protection Regulation, hereinafter RODO):<\/p>\n<ul>\n<li>Inero Software sp. z o.o. with its registered office in Gda\u0144sk, st. Trzy Lipy 3, 80-172 Gda\u0144sk, entered in the register of entrepreneurs in the National Court Register by the District Court Gda\u0144sk-P\u00f3\u0142noc in Gda\u0144sk, VII Economic Department, under the number KRS 0000704853,<\/li>\n<\/ul>\n<p>Contact with the data controller is possible via telephone numbers and forms indicated on the &#8220;Contact Us&#8221; page on the website www.uktruckcheck.com. The Data Protection Officer can be contacted via email at hello@uktruckcheck.com.<\/p>\n<p><strong>What is the purpose and legal basis for processing personal data?<\/strong><\/p>\n<p>Your personal data will be processed for purposes related to the use of the services provided by Inero, in particular the UKTRUCKCHECK System, and will be processed on the basis of:<\/p>\n<ul>\n<li>Consent to the processing of personal data in connection with Article 6, paragraph. (1)(a) of the General Data Protection Regulation;<\/li>\n<li>Necessity for the performance of a contract to which the data subject is a party, or to take action at the request of the data subject prior to entering into a contract in connection with Art. 6(1)(b) of the General Data Protection Regulation;<\/li>\n<\/ul>\n<p>Provision of personal data is voluntary and failure to do so will prevent the proper use of the UKTRUCKCHECK System .<\/p>\n<p><strong>How long will personal data be processed?<\/strong><\/p>\n<p>Your personal data will be processed until:<\/p>\n<ul>\n<li>withdraw consent to the processing of your data when and to the extent that the basis for processing is consent. You have the right to withdraw your consent at any time without affecting the lawfulness of the processing that was carried out on the basis of consent prior to its withdrawal; or<\/li>\n<li>the expiration of the storage period for personal data in connection with the processing in question, or the redundancy of the data for the purpose of processing carried out by the controller, and there is no legal basis to process the personal data on any other legal basis;<\/li>\n<li>in connection with the performance of a legal obligation, until the statute of limitations for claims or the expiration of deadlines related to the obligation to archive data;<\/li>\n<\/ul>\n<p><strong>To whom may your personal information be shared?<\/strong><\/p>\n<p>Your personal data may be processed by third-party partners supporting our business processes, i.e., so-called &#8220;third-party partners. data recipients (processors), including, but not limited to, IT solution providers, technical support providers, third-party entities supporting the data controller in IT security, marketing or sales processes.<\/p>\n<p>Your personal data will not be shared with other entities that will administer the data as separate data controllers, unless required by law or appropriate consent has been given to share certain personal data for the indicated purpose.<\/p>\n<p>Personal data may be transferred to third countries only if the data controller has a proper legal basis, among others. based on an issued decision stating the appropriate degree of protection or subject to appropriate safeguards (e.g., binding corporate rules or standard contractual clauses).<\/p>\n<p><strong>What are the entitlements related to data protection?<\/strong><\/p>\n<p>You have the right to lodge a complaint with a supervisory authority, the right to request from the controller access to your personal data, rectification, erasure or restriction of processing, as well as the right to object to processing and the right to data portability. The personal data controller does not intend to use automated decision-making techniques, including profiling.<\/p>\n<p><strong>What are the consequences of not providing personal information?<\/strong><\/p>\n<p>The provision of personal data is fully voluntary, and if personal data is not provided, the data controller will not be able to carry out the recruitment process.<\/p>\n\t\t\t\t\t\t<\/div>\n\t\t\t\t<\/div>\n\t\t\t\t\t<\/div>\n\t\t\t\t<\/div>\n\t\t\t\t\t\t\t<\/div>\n\t\t","protected":false},"excerpt":{"rendered":"<p>RODO information clause Who is the controller of your personal data? The controller of personal data within the meaning of the Regulation of the European Parliament and of the Council (EU) 2016\/679 of April 27, 2016. on the protection of individuals with regard to the processing of personal data and on the free movement of [&hellip;]<\/p>\n","protected":false},"author":1,"featured_media":0,"parent":0,"menu_order":0,"comment_status":"closed","ping_status":"closed","template":"","meta":{"footnotes":""},"class_list":["post-2757","page","type-page","status-publish","hentry"],"yoast_head":"<!-- This site is optimized with the Yoast SEO plugin v20.1 - https:\/\/yoast.com\/wordpress\/plugins\/seo\/ -->\n<title>RODO information clause - UKTruckCheck<\/title>\n<meta name=\"robots\" content=\"index, follow, max-snippet:-1, max-image-preview:large, max-video-preview:-1\" \/>\n<link rel=\"canonical\" href=\"https:\/\/uktruckcheck.com\/en\/rodo-information-clause\/\" \/>\n<meta property=\"og:locale\" content=\"en_US\" \/>\n<meta property=\"og:type\" content=\"article\" \/>\n<meta property=\"og:title\" content=\"RODO information clause - UKTruckCheck\" \/>\n<meta property=\"og:description\" content=\"RODO information clause Who is the controller of your personal data? The controller of personal data within the meaning of the Regulation of the European Parliament and of the Council (EU) 2016\/679 of April 27, 2016. on the protection of individuals with regard to the processing of personal data and on the free movement of [&hellip;]\" \/>\n<meta property=\"og:url\" content=\"https:\/\/uktruckcheck.com\/en\/rodo-information-clause\/\" \/>\n<meta property=\"og:site_name\" content=\"UKTruckCheck\" \/>\n<meta property=\"article:modified_time\" content=\"2023-02-13T14:47:51+00:00\" \/>\n<meta name=\"twitter:card\" content=\"summary_large_image\" \/>\n<meta name=\"twitter:label1\" content=\"Est. reading time\" \/>\n\t<meta name=\"twitter:data1\" content=\"3 minutes\" \/>\n<script type=\"application\/ld+json\" class=\"yoast-schema-graph\">{\"@context\":\"https:\/\/schema.org\",\"@graph\":[{\"@type\":\"WebPage\",\"@id\":\"https:\/\/uktruckcheck.com\/en\/rodo-information-clause\/\",\"url\":\"https:\/\/uktruckcheck.com\/en\/rodo-information-clause\/\",\"name\":\"RODO information clause - UKTruckCheck\",\"isPartOf\":{\"@id\":\"https:\/\/uktruckcheck.com\/en\/#website\"},\"datePublished\":\"2023-01-23T13:32:23+00:00\",\"dateModified\":\"2023-02-13T14:47:51+00:00\",\"breadcrumb\":{\"@id\":\"https:\/\/uktruckcheck.com\/en\/rodo-information-clause\/#breadcrumb\"},\"inLanguage\":\"en-US\",\"potentialAction\":[{\"@type\":\"ReadAction\",\"target\":[\"https:\/\/uktruckcheck.com\/en\/rodo-information-clause\/\"]}]},{\"@type\":\"BreadcrumbList\",\"@id\":\"https:\/\/uktruckcheck.com\/en\/rodo-information-clause\/#breadcrumb\",\"itemListElement\":[{\"@type\":\"ListItem\",\"position\":1,\"name\":\"Strona g\u0142\u00f3wna\",\"item\":\"https:\/\/uktruckcheck.com\/en\/\"},{\"@type\":\"ListItem\",\"position\":2,\"name\":\"RODO information clause\"}]},{\"@type\":\"WebSite\",\"@id\":\"https:\/\/uktruckcheck.com\/en\/#website\",\"url\":\"https:\/\/uktruckcheck.com\/en\/\",\"name\":\"UKTruckCheck\",\"description\":\"UKTruckCheck\",\"publisher\":{\"@id\":\"https:\/\/uktruckcheck.com\/en\/#organization\"},\"potentialAction\":[{\"@type\":\"SearchAction\",\"target\":{\"@type\":\"EntryPoint\",\"urlTemplate\":\"https:\/\/uktruckcheck.com\/en\/?s={search_term_string}\"},\"query-input\":\"required name=search_term_string\"}],\"inLanguage\":\"en-US\"},{\"@type\":\"Organization\",\"@id\":\"https:\/\/uktruckcheck.com\/en\/#organization\",\"name\":\"UKTruckCheck\",\"url\":\"https:\/\/uktruckcheck.com\/en\/\",\"logo\":{\"@type\":\"ImageObject\",\"inLanguage\":\"en-US\",\"@id\":\"https:\/\/uktruckcheck.com\/en\/#\/schema\/logo\/image\/\",\"url\":\"https:\/\/uktruckcheck.com\/wp-content\/uploads\/2022\/07\/Zasob-1-1-1.png\",\"contentUrl\":\"https:\/\/uktruckcheck.com\/wp-content\/uploads\/2022\/07\/Zasob-1-1-1.png\",\"width\":176,\"height\":18,\"caption\":\"UKTruckCheck\"},\"image\":{\"@id\":\"https:\/\/uktruckcheck.com\/en\/#\/schema\/logo\/image\/\"}}]}<\/script>\n<!-- \/ Yoast SEO plugin. -->","yoast_head_json":{"title":"RODO information clause - UKTruckCheck","robots":{"index":"index","follow":"follow","max-snippet":"max-snippet:-1","max-image-preview":"max-image-preview:large","max-video-preview":"max-video-preview:-1"},"canonical":"https:\/\/uktruckcheck.com\/en\/rodo-information-clause\/","og_locale":"en_US","og_type":"article","og_title":"RODO information clause - UKTruckCheck","og_description":"RODO information clause Who is the controller of your personal data? The controller of personal data within the meaning of the Regulation of the European Parliament and of the Council (EU) 2016\/679 of April 27, 2016. on the protection of individuals with regard to the processing of personal data and on the free movement of [&hellip;]","og_url":"https:\/\/uktruckcheck.com\/en\/rodo-information-clause\/","og_site_name":"UKTruckCheck","article_modified_time":"2023-02-13T14:47:51+00:00","twitter_card":"summary_large_image","twitter_misc":{"Est. reading time":"3 minutes"},"schema":{"@context":"https:\/\/schema.org","@graph":[{"@type":"WebPage","@id":"https:\/\/uktruckcheck.com\/en\/rodo-information-clause\/","url":"https:\/\/uktruckcheck.com\/en\/rodo-information-clause\/","name":"RODO information clause - UKTruckCheck","isPartOf":{"@id":"https:\/\/uktruckcheck.com\/en\/#website"},"datePublished":"2023-01-23T13:32:23+00:00","dateModified":"2023-02-13T14:47:51+00:00","breadcrumb":{"@id":"https:\/\/uktruckcheck.com\/en\/rodo-information-clause\/#breadcrumb"},"inLanguage":"en-US","potentialAction":[{"@type":"ReadAction","target":["https:\/\/uktruckcheck.com\/en\/rodo-information-clause\/"]}]},{"@type":"BreadcrumbList","@id":"https:\/\/uktruckcheck.com\/en\/rodo-information-clause\/#breadcrumb","itemListElement":[{"@type":"ListItem","position":1,"name":"Strona g\u0142\u00f3wna","item":"https:\/\/uktruckcheck.com\/en\/"},{"@type":"ListItem","position":2,"name":"RODO information clause"}]},{"@type":"WebSite","@id":"https:\/\/uktruckcheck.com\/en\/#website","url":"https:\/\/uktruckcheck.com\/en\/","name":"UKTruckCheck","description":"UKTruckCheck","publisher":{"@id":"https:\/\/uktruckcheck.com\/en\/#organization"},"potentialAction":[{"@type":"SearchAction","target":{"@type":"EntryPoint","urlTemplate":"https:\/\/uktruckcheck.com\/en\/?s={search_term_string}"},"query-input":"required name=search_term_string"}],"inLanguage":"en-US"},{"@type":"Organization","@id":"https:\/\/uktruckcheck.com\/en\/#organization","name":"UKTruckCheck","url":"https:\/\/uktruckcheck.com\/en\/","logo":{"@type":"ImageObject","inLanguage":"en-US","@id":"https:\/\/uktruckcheck.com\/en\/#\/schema\/logo\/image\/","url":"https:\/\/uktruckcheck.com\/wp-content\/uploads\/2022\/07\/Zasob-1-1-1.png","contentUrl":"https:\/\/uktruckcheck.com\/wp-content\/uploads\/2022\/07\/Zasob-1-1-1.png","width":176,"height":18,"caption":"UKTruckCheck"},"image":{"@id":"https:\/\/uktruckcheck.com\/en\/#\/schema\/logo\/image\/"}}]}},"_links":{"self":[{"href":"https:\/\/uktruckcheck.com\/en\/wp-json\/wp\/v2\/pages\/2757","targetHints":{"allow":["GET"]}}],"collection":[{"href":"https:\/\/uktruckcheck.com\/en\/wp-json\/wp\/v2\/pages"}],"about":[{"href":"https:\/\/uktruckcheck.com\/en\/wp-json\/wp\/v2\/types\/page"}],"author":[{"embeddable":true,"href":"https:\/\/uktruckcheck.com\/en\/wp-json\/wp\/v2\/users\/1"}],"replies":[{"embeddable":true,"href":"https:\/\/uktruckcheck.com\/en\/wp-json\/wp\/v2\/comments?post=2757"}],"version-history":[{"count":6,"href":"https:\/\/uktruckcheck.com\/en\/wp-json\/wp\/v2\/pages\/2757\/revisions"}],"predecessor-version":[{"id":2766,"href":"https:\/\/uktruckcheck.com\/en\/wp-json\/wp\/v2\/pages\/2757\/revisions\/2766"}],"wp:attachment":[{"href":"https:\/\/uktruckcheck.com\/en\/wp-json\/wp\/v2\/media?parent=2757"}],"curies":[{"name":"wp","href":"https:\/\/api.w.org\/{rel}","templated":true}]}}